{"id":731,"date":"2008-11-29T20:40:22","date_gmt":"2008-11-29T19:40:22","guid":{"rendered":"http:\/\/www.taverne-leisnig.de\/?page_id=731"},"modified":"2021-03-01T16:16:48","modified_gmt":"2021-03-01T15:16:48","slug":"herzlich-willkommen","status":"publish","type":"page","link":"http:\/\/www.taverne-leisnig.de\/","title":{"rendered":"Herzlich Willkommen&#8230;"},"content":{"rendered":"<h3>&#8230; auf der Homepage der Taverne &#8211; Ihrem Leisniger Altstadtlokal.<\/h3>\n<p style=\"text-align: left;\"><span style=\"color: #8b0000;\"><a title=\"zur Bildergalerie\" href=\"http:\/\/www.taverne-leisnig.de\/?page_id=786\" target=\"_blank\" rel=\"noopener\"><img loading=\"lazy\" decoding=\"async\" class=\"links size-medium wp-image-811 alignleft\" title=\"Galerie Leisnig und Umgebung\" src=\"http:\/\/www.taverne-leisnig.de\/wp-content\/uploads\/2008\/12\/galerie_leisnig_0001-300x225.jpg\" alt=\"\" width=\"270\" height=\"203\"\/><\/a>Unsere Gastst\u00e4tte liegt mitten in der romantischen Altstadt Leisnigs direkt auf dem Weg vom Marktplatz zur Burg Mildenstein in Leisnig. Besuchen Sie unsere Homepage, um mehr \u00fcber unser Restaurant und seine<br \/>Terrasse mit Muldenblick<br \/>zwischen St. Matth\u00e4ikirche<br \/>und dem gr\u00f6\u00dften Stiefel der Welt<br \/>in Leisnig zu erfahren.<br \/>Ihr Taverne-Team<\/span><\/p>\n<p style=\"text-align: left;\">Wenn Sie in das <a title=\"zur Bildergalerie\" href=\"http:\/\/www.taverne-leisnig.de\/?page_id=786\" target=\"_blank\" rel=\"noopener\">Bild klicken<\/a> entf\u00fchren wir Sie<br \/>zu einem kleinen Ausflug durch Leisnig und Leisnigs Umgebung.<br \/><script type=\"text\/javascript\">\/\/ < ![CDATA[\n\/\/ < ![CDATA[\ndocument.write('\n\/\/ ]]><\/script><script type=\"text\/javascript\" src=\"\/\/sharebutton.net\/plugin\/sharebutton.php?type=horizontal&amp;u=' + encodeURIComponent(document.location.href) + '\">\/\/ < ![CDATA[\n\/\/ < ![CDATA[\n');\n\/\/ ]]><\/script><\/p>\n\n\n<div class=\"wp-block-columns is-layout-flex wp-container-core-columns-is-layout-9d6595d7 wp-block-columns-is-layout-flex\">\n<div class=\"wp-block-column is-layout-flow wp-block-column-is-layout-flow\" style=\"flex-basis:100%\">\n<div class=\"wp-block-group\"><div class=\"wp-block-group__inner-container is-layout-flow wp-block-group-is-layout-flow\">\n<div class=\"wp-block-columns are-vertically-aligned-top is-layout-flex wp-container-core-columns-is-layout-9d6595d7 wp-block-columns-is-layout-flex\">\n<div class=\"wp-block-column is-vertically-aligned-top is-layout-flow wp-block-column-is-layout-flow\" style=\"flex-basis:100%\"><\/div>\n<\/div>\n<\/div><\/div>\n<\/div>\n<\/div>\n","protected":false},"excerpt":{"rendered":"<p>&#8230; auf der Homepage der Taverne &#8211; Ihrem Leisniger Altstadtlokal. Unsere Gastst\u00e4tte liegt mitten in der romantischen Altstadt Leisnigs direkt auf dem Weg vom Marktplatz zur Burg Mildenstein in Leisnig. Besuchen Sie unsere Homepage, um mehr \u00fcber unser Restaurant und seineTerrasse mit Muldenblickzwischen St. Matth\u00e4ikircheund dem gr\u00f6\u00dften Stiefel der Weltin Leisnig zu erfahren.Ihr Taverne-Team Wenn [&hellip;]<\/p>\n","protected":false},"author":1,"featured_media":0,"parent":0,"menu_order":0,"comment_status":"closed","ping_status":"open","template":"home.php","meta":{"ngg_post_thumbnail":0,"footnotes":""},"class_list":["post-731","page","type-page","status-publish","hentry"],"_links":{"self":[{"href":"http:\/\/www.taverne-leisnig.de\/index.php?rest_route=\/wp\/v2\/pages\/731","targetHints":{"allow":["GET"]}}],"collection":[{"href":"http:\/\/www.taverne-leisnig.de\/index.php?rest_route=\/wp\/v2\/pages"}],"about":[{"href":"http:\/\/www.taverne-leisnig.de\/index.php?rest_route=\/wp\/v2\/types\/page"}],"author":[{"embeddable":true,"href":"http:\/\/www.taverne-leisnig.de\/index.php?rest_route=\/wp\/v2\/users\/1"}],"replies":[{"embeddable":true,"href":"http:\/\/www.taverne-leisnig.de\/index.php?rest_route=%2Fwp%2Fv2%2Fcomments&post=731"}],"version-history":[{"count":104,"href":"http:\/\/www.taverne-leisnig.de\/index.php?rest_route=\/wp\/v2\/pages\/731\/revisions"}],"predecessor-version":[{"id":12129,"href":"http:\/\/www.taverne-leisnig.de\/index.php?rest_route=\/wp\/v2\/pages\/731\/revisions\/12129"}],"wp:attachment":[{"href":"http:\/\/www.taverne-leisnig.de\/index.php?rest_route=%2Fwp%2Fv2%2Fmedia&parent=731"}],"curies":[{"name":"wp","href":"https:\/\/api.w.org\/{rel}","templated":true}]}}