{"id":29,"date":"2008-10-29T18:21:44","date_gmt":"2008-10-29T17:21:44","guid":{"rendered":"http:\/\/www.taverne-leisnig.de\/wordpress\/?page_id=29"},"modified":"2025-10-03T08:46:52","modified_gmt":"2025-10-03T07:46:52","slug":"kontakt","status":"publish","type":"page","link":"http:\/\/www.taverne-leisnig.de\/?page_id=29","title":{"rendered":"Kontakt &#038; Impressum"},"content":{"rendered":"<p><span class=\"fliesstext\">Taverne Leisnig<br \/>\nIhr Leisniger Altstadtlokal<\/span><\/p>\n<p>Claudia Thalheim<br \/>\nSchlo\u00dfstra\u00dfe 7<br \/>\n04703 Leisnig<\/p>\n<p>Telefon : 034321 &#8211; 50426<\/p>\n<p><a href=\"mailto:info@taverne-leisnig.de\">info@taverne-leisnig.de<\/a><\/p>\n<p><span style=\"color: #ff0000;\">Reservierungen bitte ausschlie\u00dflich telefonisch !<br \/>\nF\u00fcr Reservierungen per Mail \u00fcbernehmen wir keine Gew\u00e4hr !<\/span><br \/>\n<span style=\"color: #ff0000;\"> Anfragen per E-Mail bitte mit deutlichem Betreff.<\/span><\/p>\n<p>St.-Nr. 236\/281\/01450<\/p>\n<p><span class=\"ueberschrift\">Reservierungen<\/span><br \/>\n<!--\/\/ END SBBCALLOUT CODE --><span class=\"fliesstext\">Wir nehmen ihre Reservierung gerne telefonisch entgegen.<\/span><\/p>\n","protected":false},"excerpt":{"rendered":"<p>Taverne Leisnig Ihr Leisniger Altstadtlokal Claudia Thalheim Schlo\u00dfstra\u00dfe 7 04703 Leisnig Telefon : 034321 &#8211; 50426 info@taverne-leisnig.de Reservierungen bitte ausschlie\u00dflich telefonisch ! F\u00fcr Reservierungen per Mail \u00fcbernehmen wir keine Gew\u00e4hr ! Anfragen per E-Mail bitte mit deutlichem Betreff. St.-Nr. 236\/281\/01450 Reservierungen Wir nehmen ihre Reservierung gerne telefonisch entgegen.<\/p>\n","protected":false},"author":1,"featured_media":0,"parent":0,"menu_order":0,"comment_status":"closed","ping_status":"open","template":"","meta":{"ngg_post_thumbnail":0,"footnotes":""},"class_list":["post-29","page","type-page","status-publish","hentry"],"_links":{"self":[{"href":"http:\/\/www.taverne-leisnig.de\/index.php?rest_route=\/wp\/v2\/pages\/29","targetHints":{"allow":["GET"]}}],"collection":[{"href":"http:\/\/www.taverne-leisnig.de\/index.php?rest_route=\/wp\/v2\/pages"}],"about":[{"href":"http:\/\/www.taverne-leisnig.de\/index.php?rest_route=\/wp\/v2\/types\/page"}],"author":[{"embeddable":true,"href":"http:\/\/www.taverne-leisnig.de\/index.php?rest_route=\/wp\/v2\/users\/1"}],"replies":[{"embeddable":true,"href":"http:\/\/www.taverne-leisnig.de\/index.php?rest_route=%2Fwp%2Fv2%2Fcomments&post=29"}],"version-history":[{"count":47,"href":"http:\/\/www.taverne-leisnig.de\/index.php?rest_route=\/wp\/v2\/pages\/29\/revisions"}],"predecessor-version":[{"id":12058,"href":"http:\/\/www.taverne-leisnig.de\/index.php?rest_route=\/wp\/v2\/pages\/29\/revisions\/12058"}],"wp:attachment":[{"href":"http:\/\/www.taverne-leisnig.de\/index.php?rest_route=%2Fwp%2Fv2%2Fmedia&parent=29"}],"curies":[{"name":"wp","href":"https:\/\/api.w.org\/{rel}","templated":true}]}}