{"id":24,"date":"2008-10-29T18:16:55","date_gmt":"2008-10-29T17:16:55","guid":{"rendered":"http:\/\/www.taverne-leisnig.de\/wordpress\/?page_id=24"},"modified":"2025-10-09T14:24:01","modified_gmt":"2025-10-09T13:24:01","slug":"speisekarte_taverne_leisnig","status":"publish","type":"page","link":"http:\/\/www.taverne-leisnig.de\/?page_id=24","title":{"rendered":"Unsere Speisekarte"},"content":{"rendered":"<h2>Aktuelle Angebote 2025<\/h2>\n<p><strong><span style=\"color: #800000;\">***<\/span><\/strong> <span style=\"color: #008000;\"><a href=\"http:\/\/www.taverne-leisnig.de\/?cat=4\">Empfehlungen des K\u00fcchenchefs <\/a>&#8211; hier finden Sie die Angebote der Saison<br \/>\n<\/span><\/p>\n<p><a href=\"http:\/\/www.taverne-leisnig.de\/wp-content\/uploads\/2008\/11\/menuvorschlage-ab-oktober-2008.pdf\"><span style=\"color: #008000;\"><img loading=\"lazy\" decoding=\"async\" class=\"alignnone size-medium wp-image-741\" title=\"pdf_logo\" src=\"http:\/\/www.taverne-leisnig.de\/wp-content\/uploads\/2008\/11\/pdf_logo.gif\" alt=\"\" width=\"17\" height=\"16\"\/><\/span><\/a> <a href=\"http:\/\/www.taverne-leisnig.de\/wp-content\/uploads\/2025\/10\/Speisekarte-ab-August-25.pdf\">Speisekarte ab August 25<\/a><\/p>\n<p><span style=\"color: #008000;\"><a href=\"http:\/\/www.taverne-leisnig.de\/wp-content\/uploads\/2008\/11\/menuvorschlage-ab-oktober-2008.pdf\"><img loading=\"lazy\" decoding=\"async\" class=\"alignnone size-medium wp-image-741\" title=\"pdf_logo\" src=\"http:\/\/www.taverne-leisnig.de\/wp-content\/uploads\/2008\/11\/pdf_logo.gif\" alt=\"\" width=\"17\" height=\"16\"\/><\/a> <a href=\"http:\/\/www.taverne-leisnig.de\/wp-content\/uploads\/2025\/10\/Menue-und-Buefettvorschlaege-ab-August-25.pdf\">Men\u00fc- und B\u00fcfettvorschl\u00e4ge ab August 25<\/a><\/span><\/p>\n<p><span style=\"color: #008000;\"><a href=\"http:\/\/www.taverne-leisnig.de\/wp-content\/uploads\/2008\/11\/pdf_logo.gif\"><img loading=\"lazy\" decoding=\"async\" class=\"alignnone  wp-image-741\" title=\"pdf_logo\" src=\"http:\/\/www.taverne-leisnig.de\/wp-content\/uploads\/2008\/11\/pdf_logo.gif\" alt=\"\" width=\"17\" height=\"16\"\/> <\/a><a href=\"http:\/\/www.taverne-leisnig.de\/wp-content\/uploads\/2024\/01\/Kleine-Vorauswahl-fuer-Busgruppen-2024.pdf\" target=\"_blank\" rel=\"noopener\">Kleine Vorauswahl f\u00fcr Busgruppen 2025<\/a><br \/>\n<\/span><span style=\"color: #800000;\">Wir erstellen gerne ein Angebot zur aktuellen Saison.<\/span><\/p>\n<p><a href=\"http:\/\/www.taverne-leisnig.de\/wp-content\/uploads\/2008\/11\/pdf_logo.gif\"><img loading=\"lazy\" decoding=\"async\" class=\"alignnone  wp-image-741\" title=\"pdf_logo\" src=\"http:\/\/www.taverne-leisnig.de\/wp-content\/uploads\/2008\/11\/pdf_logo.gif\" alt=\"\" width=\"17\" height=\"16\"\/> <\/a><a href=\"http:\/\/www.taverne-leisnig.de\/wp-content\/uploads\/2024\/02\/Angebot-Kindergruppen-ab-1.2024.pdf\" target=\"_blank\" rel=\"noopener\">Angebot Kindergruppen ab 1.2024<\/a><\/p>\n<p><span style=\"color: #008000;\"><a href=\"..\/wp-content\/uploads\/2008\/11\/menuvorschlage-ab-oktober-2008.pdf\"><img loading=\"lazy\" decoding=\"async\" title=\"pdf_logo\" src=\"..\/wp-content\/uploads\/2008\/11\/pdf_logo.gif\" alt=\"\" width=\"17\" height=\"16\"\/> <\/a><a href=\"http:\/\/www.taverne-leisnig.de\/wp-content\/uploads\/2024\/02\/Angebot-Kindergeburtstage-ab-1.2024.pdf\" target=\"_blank\" rel=\"noopener\">Angebot Kindergeburtstage ab 1.2024<\/a><\/span><\/p>\n<p><span style=\"color: #ff0000;\"><strong>&nbsp;<\/strong><\/span><\/p>\n","protected":false},"excerpt":{"rendered":"<p>Aktuelle Angebote 2025 *** Empfehlungen des K\u00fcchenchefs &#8211; hier finden Sie die Angebote der Saison Speisekarte ab August 25 Men\u00fc- und B\u00fcfettvorschl\u00e4ge ab August 25 Kleine Vorauswahl f\u00fcr Busgruppen 2025 Wir erstellen gerne ein Angebot zur aktuellen Saison. Angebot Kindergruppen ab 1.2024 Angebot Kindergeburtstage ab 1.2024 &nbsp;<\/p>\n","protected":false},"author":1,"featured_media":0,"parent":0,"menu_order":0,"comment_status":"closed","ping_status":"open","template":"","meta":{"ngg_post_thumbnail":0,"footnotes":""},"class_list":["post-24","page","type-page","status-publish","hentry"],"_links":{"self":[{"href":"http:\/\/www.taverne-leisnig.de\/index.php?rest_route=\/wp\/v2\/pages\/24","targetHints":{"allow":["GET"]}}],"collection":[{"href":"http:\/\/www.taverne-leisnig.de\/index.php?rest_route=\/wp\/v2\/pages"}],"about":[{"href":"http:\/\/www.taverne-leisnig.de\/index.php?rest_route=\/wp\/v2\/types\/page"}],"author":[{"embeddable":true,"href":"http:\/\/www.taverne-leisnig.de\/index.php?rest_route=\/wp\/v2\/users\/1"}],"replies":[{"embeddable":true,"href":"http:\/\/www.taverne-leisnig.de\/index.php?rest_route=%2Fwp%2Fv2%2Fcomments&post=24"}],"version-history":[{"count":122,"href":"http:\/\/www.taverne-leisnig.de\/index.php?rest_route=\/wp\/v2\/pages\/24\/revisions"}],"predecessor-version":[{"id":12071,"href":"http:\/\/www.taverne-leisnig.de\/index.php?rest_route=\/wp\/v2\/pages\/24\/revisions\/12071"}],"wp:attachment":[{"href":"http:\/\/www.taverne-leisnig.de\/index.php?rest_route=%2Fwp%2Fv2%2Fmedia&parent=24"}],"curies":[{"name":"wp","href":"https:\/\/api.w.org\/{rel}","templated":true}]}}