{"id":151,"date":"2008-11-11T10:43:59","date_gmt":"2008-11-11T09:43:59","guid":{"rendered":"http:\/\/www.taverne-leisnig.de\/wordpress\/?page_id=151"},"modified":"2018-02-08T15:31:18","modified_gmt":"2018-02-08T14:31:18","slug":"burg_mildenstein_in_leisnig","status":"publish","type":"page","link":"http:\/\/www.taverne-leisnig.de\/?page_id=151","title":{"rendered":"Links aus der Umgebung"},"content":{"rendered":"<p>Wenn Sie mehr \u00fcber unsere landschaftlich sch\u00f6n gelegene Stadt Leisnig und<br \/>\nBurg Mildenstein erfahren wollen, besuchen Sie bitte folgende Internetseiten.<\/p>\n<p><img loading=\"lazy\" decoding=\"async\" class=\"links size-medium wp-image-589\" title=\"Burg Mildenstein in Leisnig\" src=\"http:\/\/www.taverne-leisnig.de\/wp-content\/uploads\/2008\/12\/galerie_leisnig_0024-150x150.jpg\" alt=\"\" width=\"150\" height=\"150\"\/><a href=\"http:\/\/www.burg-mildenstein.de\/\" target=\"_blank\" rel=\"noopener\">Burg Mildenstein<br \/>\n<\/a>In ihrer fast 1000-j\u00e4hrigen Geschichte diente Burg Mildenstein den Saliern, Staufern, und Wettinern zum Schutz ihrer Gebiete.<\/p>\n<p><a href=\"http:\/\/www.kirche-leisnig.de\/index.php\/component\/jevents\/year.listevents\/2018\/02\/08\/-?Itemid=101\" target=\"_blank\" rel=\"noopener\"><img loading=\"lazy\" decoding=\"async\" class=\"links size-medium wp-image-589\" title=\"Kirche Leisnig\" src=\"http:\/\/www.taverne-leisnig.de\/wp-content\/uploads\/2008\/12\/galerie_leisnig_0016-150x150.jpg\" alt=\"\" width=\"150\" height=\"180\"\/><\/a><a href=\"http:\/\/www.kirche-leisnig.de\/index.php\/component\/jevents\/year.listevents\/2018\/02\/08\/-?Itemid=101\" target=\"_blank\" rel=\"noopener\">Veranstaltungen der Kirchgemeinde Leisnig<br \/>\n<\/a>hier finden Sie die Veranstaltungen der Kirchgemeinde Leisnig und Informationen zu Konzerten in der<br \/>\nSt.-Matth\u00e4i-Kirche Leisnig<\/p>\n<p><a href=\"http:\/\/www.taverne-leisnig.de\/wp-content\/uploads\/2008\/12\/galerie_leisnig_0003.jpg\"><img loading=\"lazy\" decoding=\"async\" class=\"links size-medium wp-image-589\" title=\"Stadt Leisnig\" src=\"http:\/\/www.taverne-leisnig.de\/wp-content\/uploads\/2008\/12\/galerie_leisnig_0003-150x150.jpg\" alt=\"\" width=\"150\" height=\"150\"\/><\/a><a href=\"http:\/\/www.leisnig.de\/\" target=\"_blank\" rel=\"noopener\">Stadt Leisnig<br \/>\n<\/a>Hier geht es zur Homepage der Bergstadt Leisnig. Erfahren Sie Interresantes \u00fcber Veranstaltungen, Wirtschaft, Tourismus und Kultur.<\/p>\n<p><a href=\"http:\/\/www.gaestehaus-am-markt.de\/\" target=\"_blank\" rel=\"noopener\"><img loading=\"lazy\" decoding=\"async\" class=\"links size-medium wp-image-589\" style=\"border: white 1px solid;\" title=\"G\u00e4stehaus am Markt\" src=\"http:\/\/www.taverne-leisnig.de\/wp-content\/uploads\/2009\/01\/dscn18401-150x150.jpg\" alt=\"\" width=\"150\" height=\"150\"\/>G\u00e4stehaus am Markt<\/a><br \/>\nWohnen am Markt im Zentrum Leisnigs.<br \/>\n\u00dcber der Marktpassage, erwarten Sie gut ausgestattete Zimmer mit Atmosph\u00e4re.<br \/>\nF\u00fcr Individualisten gibt es zwei Appartments.<\/p>\n<p><a class=\"aligncenter\" href=\"http:\/\/www.alpinergarten.de\/\" target=\"_blank\" rel=\"noopener\"><img loading=\"lazy\" decoding=\"async\" class=\"links size-medium wp-image 3746 \" style=\"border: 1px solid white;\" title=\"Pleione Limprichtii\" src=\"http:\/\/www.taverne-leisnig.de\/wp-content\/uploads\/2008\/11\/Pleione-Limprichtii-150x150.jpg\" alt=\"\" width=\"150\" height=\"150\"\/>Alpine Staudeng\u00e4rtnerei<br \/>\n<\/a>Ihr Partner f\u00fcr Steingarten und Gr\u00fcnanlagen.<br \/>\nGebirgspflanzen aus aller Welt direkt ab Hof oder per Versand.<br \/>\nDienstleistung f\u00fcr Haus, Hof und Garten.<\/p>\n<p><a class=\"aligncenter\" href=\"http:\/\/free.pages.at\/cafemeissner\/index.html\" target=\"_blank\" rel=\"noopener\"><img loading=\"lazy\" decoding=\"async\" class=\"links size-medium wp-image 3962\" style=\"border: 1px solid white;\" title=\"Cafe Meissner\" src=\"http:\/\/www.taverne-leisnig.de\/wp-content\/uploads\/2008\/11\/Cafe-Meissner-150x150.jpg\" alt=\"\" width=\"150\" height=\"150\"\/><\/a><a href=\"http:\/\/free.pages.at\/cafemeissner\/index.html\" target=\"_blank\" rel=\"noopener\">Caf\u00e9 &amp; Pension Meissner<\/a><br \/>\nF\u00fcr Ihren Kurzurlaub in Leisnig bei freundlicher Atmosph\u00e4re im Caf\u00e9 Meissner.<br \/>\nHier finden Sie mit ganz viel Liebe zum Detail eingerichtete Appartements, Doppelzimmer und Einzelzimmer.<\/p>\n<p><a href=\"http:\/\/nah-erholung.de\"><img loading=\"lazy\" decoding=\"async\" class=\"links size-medium wp-image 4037 \" style=\"border: 1px solid white;\" title=\"Siebenrad\" src=\"http:\/\/www.taverne-leisnig.de\/wp-content\/uploads\/2008\/11\/Fl\u00e4ming-Tour-2010-033-2-150x150.jpg\" alt=\"\" width=\"150\" height=\"150\"\/><\/a><a class=\"aligncenter\" href=\"http:\/\/nah-erholung.de\/\" target=\"_blank\" rel=\"noopener\">Die Nah-Erholung<\/a><br \/>\nIhr Partner f\u00fcr SIEBENRAD-Erlebnistouren,<br \/>\nFahrradreisen und Schlauchboot-Touren im Muldental<br \/>\nTeam-Challenge, Handicap-Touren, Bauerngolf<\/p>\n","protected":false},"excerpt":{"rendered":"<p>Wenn Sie mehr \u00fcber unsere landschaftlich sch\u00f6n gelegene Stadt Leisnig und Burg Mildenstein erfahren wollen, besuchen Sie bitte folgende Internetseiten. Burg Mildenstein In ihrer fast 1000-j\u00e4hrigen Geschichte diente Burg Mildenstein den Saliern, Staufern, und Wettinern zum Schutz ihrer Gebiete. Veranstaltungen der Kirchgemeinde Leisnig hier finden Sie die Veranstaltungen der Kirchgemeinde Leisnig und Informationen zu Konzerten [&hellip;]<\/p>\n","protected":false},"author":1,"featured_media":0,"parent":0,"menu_order":0,"comment_status":"closed","ping_status":"open","template":"","meta":{"ngg_post_thumbnail":0,"footnotes":""},"class_list":["post-151","page","type-page","status-publish","hentry"],"_links":{"self":[{"href":"http:\/\/www.taverne-leisnig.de\/index.php?rest_route=\/wp\/v2\/pages\/151","targetHints":{"allow":["GET"]}}],"collection":[{"href":"http:\/\/www.taverne-leisnig.de\/index.php?rest_route=\/wp\/v2\/pages"}],"about":[{"href":"http:\/\/www.taverne-leisnig.de\/index.php?rest_route=\/wp\/v2\/types\/page"}],"author":[{"embeddable":true,"href":"http:\/\/www.taverne-leisnig.de\/index.php?rest_route=\/wp\/v2\/users\/1"}],"replies":[{"embeddable":true,"href":"http:\/\/www.taverne-leisnig.de\/index.php?rest_route=%2Fwp%2Fv2%2Fcomments&post=151"}],"version-history":[{"count":71,"href":"http:\/\/www.taverne-leisnig.de\/index.php?rest_route=\/wp\/v2\/pages\/151\/revisions"}],"predecessor-version":[{"id":9538,"href":"http:\/\/www.taverne-leisnig.de\/index.php?rest_route=\/wp\/v2\/pages\/151\/revisions\/9538"}],"wp:attachment":[{"href":"http:\/\/www.taverne-leisnig.de\/index.php?rest_route=%2Fwp%2Fv2%2Fmedia&parent=151"}],"curies":[{"name":"wp","href":"https:\/\/api.w.org\/{rel}","templated":true}]}}