{"id":102,"date":"2008-10-30T13:56:08","date_gmt":"2008-10-30T12:56:08","guid":{"rendered":"http:\/\/www.taverne-leisnig.de\/wordpress\/?page_id=102"},"modified":"2026-03-03T13:23:42","modified_gmt":"2026-03-03T12:23:42","slug":"anmeldung-newsletter","status":"publish","type":"page","link":"http:\/\/www.taverne-leisnig.de\/?page_id=102","title":{"rendered":"Anmeldung Newsletter"},"content":{"rendered":"<p><strong>\u00bb JA, ich m\u00f6chte den Taverne Leisnig Newsletter bestellen.<code><div class=\"tnp tnp-subscription \">\n<form method=\"post\" action=\"http:\/\/www.taverne-leisnig.de\/wp-admin\/admin-ajax.php?action=tnp&amp;na=s\">\n<input type=\"hidden\" name=\"nlang\" value=\"\">\n<div class=\"tnp-field tnp-field-firstname\"><label for=\"tnp-1\">Vorname<\/label>\n<input class=\"tnp-name\" type=\"text\" name=\"nn\" id=\"tnp-1\" value=\"\" placeholder=\"\"><\/div>\n<div class=\"tnp-field tnp-field-surname\"><label for=\"tnp-2\">Nachname<\/label>\n<input class=\"tnp-surname\" type=\"text\" name=\"ns\" id=\"tnp-2\" value=\"\" placeholder=\"\"><\/div><div class=\"tnp-field tnp-field-email\"><label for=\"tnp-3\">Email<\/label>\n<input class=\"tnp-email\" type=\"email\" name=\"ne\" id=\"tnp-3\" value=\"\" placeholder=\"\" required><\/div>\n<div class=\"tnp-field tnp-privacy-field\"><label><input type=\"checkbox\" name=\"ny\" required class=\"tnp-privacy\"> <a target=\"_blank\" href=\"http:\/\/www.taverne-leisnig.de\/?page_id=10114\">Ich akzeptiere die Richtlinien zum Datenschutz<\/a><\/label><\/div><div class=\"tnp-field tnp-field-button\" style=\"text-align: left\"><input class=\"tnp-submit\" type=\"submit\" value=\"Newsletter bestellen\" style=\"\">\n<\/div>\n<\/form>\n<\/div>\n<\/code><\/strong><\/p>\n<p><strong>Als Newsletter Abonnent genie\u00dft ihr zahlreiche Vorteile, denn ihr werdet rechtzeitig aufmerksam gemacht auf:<\/strong><\/p>\n<ul>\n<li>die Teilnahme an vielen Rabatt- und Gutschein- Aktionen<\/li>\n<li>Sonder-Aktionen wie z.B. Haxen-, Schnitzel-, Fisch- oder Spaghetti- SATT-Essen soviel Du kannst<\/li>\n<li>Getr\u00e4nke-Doppeldecker Aktionen<\/li>\n<li>Motto-Abende wie z.B. Russischer Abend, Texasabend, Oktoberfest oder Pantoffelparty<\/li>\n<\/ul>\n<p>Au\u00dferdem werdet ihr st\u00e4ndig \u00fcber Veranstaltungen in Leisnig, in der Taverne und im Umkreis informiert, wie z.B. Ausstellungen auf Burg Mildenstein oder Konzerte in der St.-Matth\u00e4i-Kirche.<\/p>\n<p><em>Eure Anmeldung ist unverbindlich. Der Newsletter kann jederzeit abbestellt werden. Eure Daten werden absolut vertraulich behandelt und nicht an Dritte weitergegeben.<\/em><\/p>\n","protected":false},"excerpt":{"rendered":"<p>\u00bb JA, ich m\u00f6chte den Taverne Leisnig Newsletter bestellen. Als Newsletter Abonnent genie\u00dft ihr zahlreiche Vorteile, denn ihr werdet rechtzeitig aufmerksam gemacht auf: die Teilnahme an vielen Rabatt- und Gutschein- Aktionen Sonder-Aktionen wie z.B. Haxen-, Schnitzel-, Fisch- oder Spaghetti- SATT-Essen soviel Du kannst Getr\u00e4nke-Doppeldecker Aktionen Motto-Abende wie z.B. Russischer Abend, Texasabend, Oktoberfest oder Pantoffelparty Au\u00dferdem [&hellip;]<\/p>\n","protected":false},"author":1,"featured_media":0,"parent":0,"menu_order":0,"comment_status":"closed","ping_status":"closed","template":"","meta":{"ngg_post_thumbnail":0,"footnotes":""},"class_list":["post-102","page","type-page","status-publish","hentry"],"_links":{"self":[{"href":"http:\/\/www.taverne-leisnig.de\/index.php?rest_route=\/wp\/v2\/pages\/102","targetHints":{"allow":["GET"]}}],"collection":[{"href":"http:\/\/www.taverne-leisnig.de\/index.php?rest_route=\/wp\/v2\/pages"}],"about":[{"href":"http:\/\/www.taverne-leisnig.de\/index.php?rest_route=\/wp\/v2\/types\/page"}],"author":[{"embeddable":true,"href":"http:\/\/www.taverne-leisnig.de\/index.php?rest_route=\/wp\/v2\/users\/1"}],"replies":[{"embeddable":true,"href":"http:\/\/www.taverne-leisnig.de\/index.php?rest_route=%2Fwp%2Fv2%2Fcomments&post=102"}],"version-history":[{"count":56,"href":"http:\/\/www.taverne-leisnig.de\/index.php?rest_route=\/wp\/v2\/pages\/102\/revisions"}],"predecessor-version":[{"id":12225,"href":"http:\/\/www.taverne-leisnig.de\/index.php?rest_route=\/wp\/v2\/pages\/102\/revisions\/12225"}],"wp:attachment":[{"href":"http:\/\/www.taverne-leisnig.de\/index.php?rest_route=%2Fwp%2Fv2%2Fmedia&parent=102"}],"curies":[{"name":"wp","href":"https:\/\/api.w.org\/{rel}","templated":true}]}}